{"id":390,"date":"2014-07-10T02:01:05","date_gmt":"2014-07-10T02:01:05","guid":{"rendered":"https:\/\/katiavega.com\/?page_id=390"},"modified":"2022-08-18T18:57:30","modified_gmt":"2022-08-18T18:57:30","slug":"exhibitions","status":"publish","type":"page","link":"https:\/\/katiavega.com\/?page_id=390","title":{"rendered":"Artistic Presentations"},"content":{"rendered":"<p class=\"p1\"><b>EXHIBITIONS AND PERFORMANCES<\/b><\/p>\n<ul>\n<li class=\"p1\"><span class=\"s1\"><b>Hatch Exhibition<\/b><\/span> curated by Re.Riddle at Villa San Francisco presenting The Dermal Abyss.<\/li>\n<li class=\"p1\">Design Exhibition at the International Symposium of Wearable Computing (<span class=\"s1\">ISWC\u20182021<\/span>, virtual): CJ-50. Designer: Sima Pirmoradi, Advisors: Beth Ferguson, Gozde Goncu-Berk, Katia Vega.<\/li>\n<li class=\"p1\">International Symposium on Electronic Art (<span class=\"s1\">ISEA 2020<\/span>). Montreal, Canada (virtual). BOX: Ethnicity in Artificial Intelligence. Tom Laurenzo, Katia Vega.<\/li>\n<li class=\"p1\"><span class=\"s1\">Ars Electronica Center<\/span> (Linz, 2019- 2020). From Body Extension to Micro Biology. The Dermal Abyss. Katia Vega and Xin Liu.<\/li>\n<li class=\"p1\"><span class=\"s1\">MIT MEDIA LAB<\/span>, Wearable Biotech. Piece: MycoAccessories.Eldy Lazaro and Katia Vega.<\/li>\n<li class=\"p1\">TechDay at <span class=\"s1\">Belcorp<\/span> (Lima, 2020). Video exhibit: The Dermal Abyss, Hairware, TechNails.<\/li>\n<li class=\"p1\">Reclaiming the Future by <span class=\"s1\">Stochastic Labs<\/span> at Fort Mason (San Francisco, 2019): The Skin as My Canvas.<\/li>\n<li class=\"p1\">Design Exhibition at the International Symposium of Wearable Computing (<span class=\"s1\">ISWC 2019,<\/span> London): Myco-accessories. Eldy Lazaro and Katia Vega.<\/li>\n<li class=\"p1\">International Conference on Tangible, Embedded and Embodied Interaction <span class=\"s1\">(TEI 2019<\/span>, Arizona). BOX: Ethnicity in Artificial Intelligence. Tom Laurenzo, Katia Vega.<\/li>\n<li class=\"p1\"><span class=\"s1\">Ars Electronica <\/span>in the Knowledge Capital (Osaka 2018): Beauty Technology Exhibition. Pieces: Hairware, Twinkle Nails, The Dermal Abyss, Tech Nails.<\/li>\n<li class=\"p1\"><span class=\"s1\">SXSW<\/span> (Austin, 2018): The Dermal Abyss \u2013 performance. Katia Vega and Xin Liu. Tattoo artist: A.j. Powers<\/li>\n<li class=\"p1\"><span class=\"s1\">Gaite Lyrique <\/span>(Paris, 2018), Look Forward Fashion Tech Festival. Piece: The Dermal Abyss.<\/li>\n<li class=\"p1\"><span class=\"s1\">Ars Electronica <\/span>(Linz, 2017): The Dermal Abyss &#8211; performance: Tristan Svart. Xin Liu and Katia Vega.<\/li>\n<li class=\"p1\">Screening of Skrin in the section Wearable Technology in <span class=\"s1\">Fashion Film Festiva<\/span>l ASVOFF9 (Sofia, 2017). <span class=\"s2\">Video: Skrin<\/span>. Katia Vega, Penny Lane and Xin Liu.<\/li>\n<li class=\"p1\"><span class=\"s1\">Music Tech Festival<\/span> (Berlin, 2016): Skrin. Performer: Viktoria Modesta.<\/li>\n<li class=\"p1\"><span class=\"s1\">Ars Electronica<\/span> (Austria, 2015): Kinisi. Prix Awards Exhibition.<span class=\"Apple-converted-space\">\u00a0<\/span><\/li>\n<li class=\"p1\">Digital Revolution Exhibition at <span class=\"s1\">Onassis Cultural Centre<\/span> (Athens, 2015): Kinisi.<\/li>\n<li class=\"p1\"><span class=\"s1\">Women 2.0, <\/span>Thievery Corporation DJ performing with AquaDJing at Bellagio (Las Vegas, 2015).<span class=\"Apple-converted-space\">\u00a0<\/span><\/li>\n<li class=\"p1\">Digital Revolution Exhibition at the National Museum of Science and Technology &#8211; <span class=\"s1\">Tekniska Museet<\/span> (Sweeden, 2015): Kinisi.<\/li>\n<li class=\"p1\">Make it Wearables at <span class=\"s1\">INTEL <\/span>(San Francisco, 2014). Performance: AquaDJing.<\/li>\n<li class=\"p1\"><span class=\"s1\">Wear+D<\/span>. AquaDJing performed by DJ Sankha (Mexico, 2014).<\/li>\n<li class=\"p1\">Opera Djing at <span class=\"s1\">PUC-Rio <\/span>(Brazil, 2014). Performance: TechNails.<span class=\"Apple-converted-space\">\u00a0<\/span><\/li>\n<li class=\"p1\">Digital Revolution at the <span class=\"s1\">Barbican Center<\/span> (London, 2014): Kinisi.<\/li>\n<li class=\"p1\">Conversatorio <span class=\"s1\">Fundaci\u00f3n Telef\u00f3nica<\/span> (Lima, 2014): Performances: AquaDJing, TechNails, Arcana. Performer: Musician Maribel Tafur.<span class=\"Apple-converted-space\">\u00a0<\/span><\/li>\n<li class=\"p1\"><span class=\"s1\">Make Fashion<\/span> (Montreal, 2014): Blinklifier. Fashion Show. Tricia Flanagan and Katia Vega.<\/li>\n<li>Wearable Futures (UK, 2013). Project Twinkle Nails.<\/li>\n<li>Women 2.0. Fashion Show (USA, 2013). Projects: AquaDJing, Superhero.<\/li>\n<li>UIST\u201913, 26th ACM Symposium on User Interface Software and Technology. Student Contest (Scotland, 2013). Project: AquaDJing.<\/li>\n<li>Maker Faire Bay Area (USA, 2013). Projects: Superhero, Twinkle Nails.<\/li>\n<li>Mostra PUC (Brazil, 2013). Project: Twinkle Nails.<\/li>\n<li>TEI\u201913, 7th International Conference on Tangible, Embedded and Embodied Interaction. Design Challenge (Spain, 2013). Project: Superhero.<\/li>\n<li>Conversatorio Fundaci\u00f3n Telef\u00f3nica. Arte y Est\u00e9tica en Wearable Computers (Peru, 2013). Projects: Arcana, Gimmickiano, AquaDJing.<\/li>\n<li>Sydney VIVID festival. Haptic Interface Pop-Up exhibition (Australia, 2013). Project Blinklifier.<\/li>\n<li>Asian Premiere of Multimedia Art: New York Paris Hong Kong Change your Perception (Hong Kong, 2013). Project Blinklifier.<\/li>\n<li>JMGA 15th Biennial Conference Participation + Exchange. Participate Exhibition. (Australia, 2012). Project Blinklifier.<\/li>\n<li>Haptic Interface Exhibition (Hong Kong, 2012). Project Blinklifier.<\/li>\n<li>Beyond Wearable (China, 2012). Project Blinklifier.<\/li>\n<\/ul>\n<p><b style=\"font-size: revert; color: initial; font-family: -apple-system, BlinkMacSystemFont, 'Segoe UI', Roboto, Oxygen-Sans, Ubuntu, Cantarell, 'Helvetica Neue', sans-serif;\">DEMOS<\/b><\/p>\n<ul>\n<li class=\"p2\">Augmented Humans (<span class=\"s1\">AHs 2021<\/span>, virtual). Demo: \u201eGemiN\u2018 I: Seamless Skin Interfaces Aiding Communication through Unconscious Behaviors\u201c. Shuyi Sun, Hao-Chuan Wang, Katia Vega.<\/li>\n<li class=\"p2\">Designing Interactive Systems Conference (<span class=\"s1\">DIS 2020<\/span>, virtual). Demo: \u201eSustainable Prototyping Life Cycle for Digital Fabrication to Designers\u201c. Eldy Lazaro, Hao-Chuan Wang, Katia Vega.<\/li>\n<li class=\"p2\">Designing Interactive Systems Conference (<span class=\"s1\">DIS 2018<\/span>, Hong Kong). Demo: \u201eHeartMe: Thermochromic Display as An Expression of Heart Health\u201c. Manlin Song, Katia Vega.<\/li>\n<li class=\"p2\">The ACM Symposium on User Interface Software and Technology (<span class=\"s1\">UIST 2016<\/span>, Tokyo). Demo: Fluxa. Authors: Xin Liu, Katia Vega, Jing Qian, Joe Paradiso, Pattie Maes.<span class=\"Apple-converted-space\">\u00a0<\/span><\/li>\n<li class=\"p2\">The ACM Conference on Human Factors (<span class=\"s1\">CHI 2016<\/span>, San Jose CA). Demo: Chromoskin. Authors: Katia Vega, Manisha Mohan, Cindy Kao, Chris Schmandt, Joe Paradiso.<\/li>\n<li class=\"p2\">Intelligent User Interfaces Conference <span class=\"s1\">(IUI 2015<\/span>, Atlanta): Hairware demo. Katia Vega and Marcio Cunha.<span class=\"Apple-converted-space\">\u00a0<\/span><\/li>\n<li class=\"p2\"><span class=\"s1\">TEI\u201914<\/span> (Munich, 2014): Demo: Tech Nails.<span class=\"Apple-converted-space\">\u00a0<\/span><\/li>\n<\/ul>\n<p class=\"p1\"><b>RESIDENCY<\/b><\/p>\n<ul>\n<li class=\"p2\"><span class=\"s1\">Stochastic Labs<\/span> at Berkeley. Award included a fully sponsored residency, a $1 000 per monthly stipend and a budget for materials (Summer 2018).<\/li>\n<\/ul>\n<p class=\"p1\"><b>CURATOR<\/b><\/p>\n<ul>\n<li class=\"p2\">Design Exhibition from the International Symposium of Wearable Computing at <span class=\"s1\">Suntec Singapore Convention and Exhibition Center<\/span>. Co-Chairs: Katia Vega and Ellen Do (2018).<\/li>\n<li class=\"p2\">Curiosities of Paper Electronics at <span class=\"s1\">MIT Wiesner Student Art Gallery<\/span>. Curators: Jie Qi, Katia Vega, Akshay Mohan, and Xin Liu (2016).<\/li>\n<\/ul>\n","protected":false},"excerpt":{"rendered":"<p>EXHIBITIONS AND PERFORMANCES Hatch Exhibition curated by Re.Riddle at Villa San Francisco presenting The Dermal Abyss. Design Exhibition at the International Symposium of Wearable Computing (ISWC\u20182021, virtual): CJ-50. Designer: Sima<span class=\"more-button\"><a href=\"https:\/\/katiavega.com\/?page_id=390\" class=\"more-link\">Continue reading<span class=\"screen-reader-text\">Artistic Presentations<\/span><\/a><\/span><\/p>\n","protected":false},"author":1,"featured_media":0,"parent":0,"menu_order":0,"comment_status":"closed","ping_status":"open","template":"","meta":{"footnotes":""},"class_list":["post-390","page","type-page","status-publish","hentry"],"jetpack_sharing_enabled":true,"_links":{"self":[{"href":"https:\/\/katiavega.com\/index.php?rest_route=\/wp\/v2\/pages\/390","targetHints":{"allow":["GET"]}}],"collection":[{"href":"https:\/\/katiavega.com\/index.php?rest_route=\/wp\/v2\/pages"}],"about":[{"href":"https:\/\/katiavega.com\/index.php?rest_route=\/wp\/v2\/types\/page"}],"author":[{"embeddable":true,"href":"https:\/\/katiavega.com\/index.php?rest_route=\/wp\/v2\/users\/1"}],"replies":[{"embeddable":true,"href":"https:\/\/katiavega.com\/index.php?rest_route=%2Fwp%2Fv2%2Fcomments&post=390"}],"version-history":[{"count":6,"href":"https:\/\/katiavega.com\/index.php?rest_route=\/wp\/v2\/pages\/390\/revisions"}],"predecessor-version":[{"id":505,"href":"https:\/\/katiavega.com\/index.php?rest_route=\/wp\/v2\/pages\/390\/revisions\/505"}],"wp:attachment":[{"href":"https:\/\/katiavega.com\/index.php?rest_route=%2Fwp%2Fv2%2Fmedia&parent=390"}],"curies":[{"name":"wp","href":"https:\/\/api.w.org\/{rel}","templated":true}]}}