{"id":285,"date":"2013-08-21T00:27:19","date_gmt":"2013-08-21T00:27:19","guid":{"rendered":"https:\/\/katiavega.com\/?page_id=285"},"modified":"2015-09-02T00:27:58","modified_gmt":"2015-09-02T00:27:58","slug":"awards","status":"publish","type":"page","link":"https:\/\/katiavega.com\/?page_id=285","title":{"rendered":"Awards"},"content":{"rendered":"<p><strong>Awards<\/strong><\/p>\n<ul>\n<li>Honorable Mention at Prix Ars Electronica 2015. <a href=\"http:\/\/prix2015.aec.at\/prixwinner\/15216\/\">[the next idea] voestalpine Art &#038; Technology Grant<\/a> <\/li>\n<li>Best Demo Award at the\u00a0he 20th ACM Conference in Intelligent User Interfaces (IUI 2015). March, 2015.<\/li>\n<li>1st Place at the 8th annual international ubimedia competition, NUMA2014 (Neo Ubimedia MindTrek Awards 2014). November, 2014.<\/li>\n<li>Best paper award at the Human Computer Interaction International Conference (HCII 2014). June, 2014, Greece. &#8220;FX e-Makeup for Muscle Based Interaction&#8221;<\/li>\n<li>First place award at the International Conference on Tangible, Embedded and Embodied Interaction (TEI 2013). Design Challenge. Project: Superhero. February 2013. Barcelona, Spain.<\/li>\n<li>Third place award in the PhD Projects Category at the Latin-American School on Software Engineering (ELA-ES 2013). Project: Beauty Technology as an Interactive Platform 09-12 July 2013, Brazil.<\/li>\n<li>First place award in the PhD Projects Category at Mostra PUC 2013. August 2013, Brazil.<\/li>\n<li>Second best paper award in Brazilian Symposium on Collaborative Systems. October 2013, Brazil. &#8220;Uma Abordagem Sistem\u00e1tica de Prototipa\u00e7\u00e3o Colaborativa para a Cria\u00e7\u00e3o de Tang\u00edveis&#8221;.<\/li>\n<\/ul>\n<p>&nbsp;<\/p>\n<p><strong>Scholarships<\/strong><\/p>\n<ul>\n<li>Postdoc fellowship granted by CAPES (Brazilian Coordination Office for the Improvement of Staff with Higher Education). 2014.<\/li>\n<li>PhD Scholarship granted by CNPq (National Council for Scientific and Technological Development). 2010-2014.<\/li>\n<li>PhD Sandwich in Hong Kong Baptist University granted by CNPq (National Council for Scientific and Technological Development). 2012.<\/li>\n<li>Master Scholarship granted by CAPES (Brazilian Coordination Office for the Improvement of Staff with Higher Education). 2008-2010.<\/li>\n<\/ul>\n<p>&nbsp;<\/p>\n<p><strong><a title=\"Home\" href=\"https:\/\/katiavega.com\/\">Back<\/a><\/strong><\/p>\n","protected":false},"excerpt":{"rendered":"<p>Awards Honorable Mention at Prix Ars Electronica 2015. [the next idea] voestalpine Art &#038; Technology Grant Best Demo Award at the\u00a0he 20th ACM Conference in Intelligent User Interfaces (IUI 2015).<span class=\"more-button\"><a href=\"https:\/\/katiavega.com\/?page_id=285\" class=\"more-link\">Continue reading<span class=\"screen-reader-text\">Awards<\/span><\/a><\/span><\/p>\n","protected":false},"author":1,"featured_media":0,"parent":0,"menu_order":0,"comment_status":"closed","ping_status":"open","template":"","meta":{"footnotes":""},"class_list":["post-285","page","type-page","status-publish","hentry"],"jetpack_sharing_enabled":true,"_links":{"self":[{"href":"https:\/\/katiavega.com\/index.php?rest_route=\/wp\/v2\/pages\/285","targetHints":{"allow":["GET"]}}],"collection":[{"href":"https:\/\/katiavega.com\/index.php?rest_route=\/wp\/v2\/pages"}],"about":[{"href":"https:\/\/katiavega.com\/index.php?rest_route=\/wp\/v2\/types\/page"}],"author":[{"embeddable":true,"href":"https:\/\/katiavega.com\/index.php?rest_route=\/wp\/v2\/users\/1"}],"replies":[{"embeddable":true,"href":"https:\/\/katiavega.com\/index.php?rest_route=%2Fwp%2Fv2%2Fcomments&post=285"}],"version-history":[{"count":16,"href":"https:\/\/katiavega.com\/index.php?rest_route=\/wp\/v2\/pages\/285\/revisions"}],"predecessor-version":[{"id":502,"href":"https:\/\/katiavega.com\/index.php?rest_route=\/wp\/v2\/pages\/285\/revisions\/502"}],"wp:attachment":[{"href":"https:\/\/katiavega.com\/index.php?rest_route=%2Fwp%2Fv2%2Fmedia&parent=285"}],"curies":[{"name":"wp","href":"https:\/\/api.w.org\/{rel}","templated":true}]}}